{"id":2032,"date":"2020-02-02T22:51:37","date_gmt":"2020-02-02T22:51:37","guid":{"rendered":"https:\/\/freshcup.de\/Zumoval\/?page_id=2032"},"modified":"2025-12-11T09:44:26","modified_gmt":"2025-12-11T09:44:26","slug":"kontakt","status":"publish","type":"page","link":"https:\/\/freshcup.de\/Zumoval\/kontakt\/","title":{"rendered":"Kontakt"},"content":{"rendered":"<div class=\"fusion-fullwidth fullwidth-box fusion-builder-row-1 nonhundred-percent-fullwidth non-hundred-percent-height-scrolling\" style=\"--awb-border-radius-top-left:0px;--awb-border-radius-top-right:0px;--awb-border-radius-bottom-right:0px;--awb-border-radius-bottom-left:0px;--awb-margin-top:0px;--awb-flex-wrap:wrap;\" ><div class=\"fusion-builder-row fusion-row\"><div class=\"fusion-layout-column fusion_builder_column fusion-builder-column-0 fusion_builder_column_1_4 1_4 fusion-one-fourth fusion-column-first\" style=\"--awb-bg-size:cover;width:25%;width:calc(25% - ( ( 4% ) * 0.25 ) );margin-right: 4%;\"><div class=\"fusion-column-wrapper fusion-column-has-shadow fusion-flex-column-wrapper-legacy\"><div class=\"fusion-clearfix\"><\/div><\/div><\/div><div class=\"fusion-layout-column fusion_builder_column fusion-builder-column-1 fusion_builder_column_2_3 2_3 fusion-two-third fusion-column-last\" style=\"--awb-padding-top:3px;--awb-padding-right:10px;--awb-padding-bottom:12px;--awb-padding-left:20px;--awb-bg-color:rgba(255,255,255,0.7);--awb-bg-color-hover:rgba(255,255,255,0.7);--awb-bg-size:cover;--awb-margin-top:79px;--awb-margin-bottom:47px;width:66.666666666667%;width:calc(66.666666666667% - ( ( 4% ) * 0.66666666666667 ) );\"><div class=\"fusion-column-wrapper fusion-column-has-shadow fusion-flex-column-wrapper-legacy\"><div class=\"fusion-text fusion-text-1\"><h2 style=\"font-size: 50px; --fontSize: 50; line-height: 1.2;\" data-fontsize=\"50\" data-lineheight=\"60px\" data-fusion-font=\"true\" data-inline-fontsize=\"50px\" class=\"fusion-responsive-typography-calculated\">Wir sind f\u00fcr Sie da!<\/h2>\n<h5 data-fontsize=\"20\" data-lineheight=\"27.2px\" style=\"--fontSize: 20; line-height: 1.36; --minFontSize: 20;\" class=\"fusion-responsive-typography-calculated\">FRESHCUP Deutschland, <span style=\"color: var(--body_typography-color); font-family: var(--body_typography-font-family); font-size: var(--body_typography-font-size); font-style: var(--body_typography-font-style,normal); letter-spacing: var(--body_typography-letter-spacing);\">Ihr kompetenter und zuverl\u00e4ssiger Partner f\u00fcr gute Saftgesch\u00e4fte. <\/span>Mit unserem langj\u00e4hrigen Know-how stehen wir Ihnen jederzeit gerne zur Verf\u00fcgung.<\/h5>\n<div><\/div>\n<div>\n<h5 data-fontsize=\"20\" data-lineheight=\"27.2px\" style=\"--fontSize: 20; line-height: 1.36; --minFontSize: 20;\" class=\"fusion-responsive-typography-calculated\"><span style=\"\" data-fusion-font=\"true\" data-fusion-google-subset=\"latin\"><font face=\"OpenSans-Bold\">FRESHCUP Deutschland<br \/><\/font><\/span>Inhaber: Franz Weber<br \/>Am Korresberg 7<br \/>40699 Erkrath<br \/>Tel. +49 171 319 3567<br \/>E-Mail: zumoval[at]freshcup.de<\/h5>\n<\/div>\n<\/div><div class=\"fusion-clearfix\"><\/div><\/div><\/div><\/div><\/div>\n","protected":false},"excerpt":{"rendered":"","protected":false},"author":1,"featured_media":0,"parent":0,"menu_order":0,"comment_status":"closed","ping_status":"closed","template":"100-width.php","meta":{"footnotes":""},"class_list":["post-2032","page","type-page","status-publish","hentry"],"_links":{"self":[{"href":"https:\/\/freshcup.de\/Zumoval\/wp-json\/wp\/v2\/pages\/2032","targetHints":{"allow":["GET"]}}],"collection":[{"href":"https:\/\/freshcup.de\/Zumoval\/wp-json\/wp\/v2\/pages"}],"about":[{"href":"https:\/\/freshcup.de\/Zumoval\/wp-json\/wp\/v2\/types\/page"}],"author":[{"embeddable":true,"href":"https:\/\/freshcup.de\/Zumoval\/wp-json\/wp\/v2\/users\/1"}],"replies":[{"embeddable":true,"href":"https:\/\/freshcup.de\/Zumoval\/wp-json\/wp\/v2\/comments?post=2032"}],"version-history":[{"count":27,"href":"https:\/\/freshcup.de\/Zumoval\/wp-json\/wp\/v2\/pages\/2032\/revisions"}],"predecessor-version":[{"id":2365,"href":"https:\/\/freshcup.de\/Zumoval\/wp-json\/wp\/v2\/pages\/2032\/revisions\/2365"}],"wp:attachment":[{"href":"https:\/\/freshcup.de\/Zumoval\/wp-json\/wp\/v2\/media?parent=2032"}],"curies":[{"name":"wp","href":"https:\/\/api.w.org\/{rel}","templated":true}]}}