{"id":1628,"date":"2019-10-13T19:19:37","date_gmt":"2019-10-13T19:19:37","guid":{"rendered":"https:\/\/freshcup.de\/Zumoval\/?page_id=1628"},"modified":"2025-12-11T10:04:48","modified_gmt":"2025-12-11T10:04:48","slug":"big-fastjuice","status":"publish","type":"page","link":"https:\/\/freshcup.de\/Zumoval\/big-fastjuice\/","title":{"rendered":"BIG FASTJUICE"},"content":{"rendered":"<p><div class=\"fusion-fullwidth fullwidth-box fusion-builder-row-1 nonhundred-percent-fullwidth non-hundred-percent-height-scrolling\" style=\"--awb-border-sizes-top:0px;--awb-border-sizes-bottom:0px;--awb-border-sizes-left:0px;--awb-border-sizes-right:0px;--awb-border-radius-top-left:0px;--awb-border-radius-top-right:0px;--awb-border-radius-bottom-right:0px;--awb-border-radius-bottom-left:0px;--awb-padding-top:0px;--awb-padding-right:0px;--awb-padding-bottom:0px;--awb-padding-left:0px;--awb-margin-top:0px;--awb-margin-bottom:0px;--awb-background-color:#ff7800;--awb-flex-wrap:wrap;\" ><div class=\"fusion-builder-row fusion-row\"><div class=\"fusion-layout-column fusion_builder_column fusion-builder-column-0 fusion_builder_column_1_1 1_1 fusion-one-full fusion-column-first fusion-column-last\" style=\"--awb-bg-size:cover;--awb-margin-top:30px;--awb-margin-bottom:30px;\"><div class=\"fusion-column-wrapper fusion-column-has-shadow fusion-flex-column-wrapper-legacy\"><div class=\"fusion-clearfix\"><\/div><\/div><\/div><\/div><\/div><div class=\"fusion-bg-parallax\" data-bg-align=\"left center\" data-direction=\"right\" data-mute=\"false\" data-opacity=\"100\" data-velocity=\"-1\" data-mobile-enabled=\"false\" data-break_parents=\"0\" data-bg-image=\"https:\/\/freshcup.de\/Zumoval\/wp-content\/uploads\/2019\/10\/bigfastjuice_paralax_background.jpg\" data-bg-repeat=\"false\" data-bg-color=\"#fff9ef\" ><\/div><div class=\"fusion-fullwidth fullwidth-box fusion-builder-row-2 fusion-parallax-right hundred-percent-fullwidth non-hundred-percent-height-scrolling\" style=\"--awb-background-position:left center;--awb-border-radius-top-left:0px;--awb-border-radius-top-right:0px;--awb-border-radius-bottom-right:0px;--awb-border-radius-bottom-left:0px;--awb-padding-right:0px;--awb-padding-left:0px;--awb-background-color:#fff9ef;--awb-background-image:url(&quot;https:\/\/freshcup.de\/Zumoval\/wp-content\/uploads\/2019\/10\/bigfastjuice_paralax_background.jpg&quot;);--awb-background-size:cover;--awb-flex-wrap:wrap;\" ><div class=\"fusion-builder-row fusion-row\"><div class=\"fusion-layout-column fusion_builder_column fusion-builder-column-1 fusion_builder_column_1_6 1_6 fusion-one-sixth fusion-column-first\" style=\"--awb-padding-right:136px;--awb-bg-size:cover;width:16.666666666667%;width:calc(16.666666666667% - ( ( -20% ) * 0.16666666666667 ) );margin-right: -20%;\"><div class=\"fusion-column-wrapper fusion-column-has-shadow fusion-flex-column-wrapper-legacy\"><div class=\"fusion-clearfix\"><\/div><\/div><\/div><div class=\"fusion-layout-column fusion_builder_column fusion-builder-column-2 fusion_builder_column_3_4 3_4 fusion-three-fourth fusion-column-last\" style=\"--awb-padding-left:20px;--awb-bg-size:cover;--awb-margin-top:0px;--awb-margin-bottom:0px;width:75%;width:calc(75% - ( ( -20% ) * 0.75 ) );\"><div class=\"fusion-column-wrapper fusion-column-has-shadow fusion-flex-column-wrapper-legacy\"><div class=\"fusion-sep-clear\"><\/div><div class=\"fusion-separator fusion-full-width-sep\" style=\"margin-left: auto;margin-right: auto;margin-bottom:20px;width:100%;\"><\/div><div class=\"fusion-sep-clear\"><\/div><div class=\"fusion-builder-row fusion-builder-row-inner fusion-row\"><div class=\"fusion-layout-column fusion_builder_column_inner fusion-builder-nested-column-0 fusion_builder_column_inner_2_3 2_3 fusion-two-third fusion-column-first\" style=\"--awb-bg-size:cover;--awb-margin-top:0px;--awb-margin-bottom:0px;width:66.666666666667%;width:calc(66.666666666667% - ( ( -8% ) * 0.66666666666667 ) );margin-right: -8%;\"><div class=\"fusion-column-wrapper fusion-column-has-shadow fusion-flex-column-wrapper-legacy\"><div class=\"fusion-image-element fusion-image-align-center in-legacy-container\" style=\"text-align:center;--awb-caption-title-font-family:var(--h2_typography-font-family);--awb-caption-title-font-weight:var(--h2_typography-font-weight);--awb-caption-title-font-style:var(--h2_typography-font-style);--awb-caption-title-size:var(--h2_typography-font-size);--awb-caption-title-transform:var(--h2_typography-text-transform);--awb-caption-title-line-height:var(--h2_typography-line-height);--awb-caption-title-letter-spacing:var(--h2_typography-letter-spacing);\"><div class=\"imageframe-align-center\"><span class=\" fusion-imageframe imageframe-none imageframe-1 hover-type-none\"><img decoding=\"async\" width=\"718\" height=\"800\" title=\"hp_big_fastjuice\" src=\"https:\/\/freshcup.de\/Zumoval\/wp-content\/uploads\/2019\/07\/hp_big_fastjuice.png\" alt class=\"img-responsive wp-image-638\" srcset=\"https:\/\/freshcup.de\/Zumoval\/wp-content\/uploads\/2019\/07\/hp_big_fastjuice-200x223.png 200w, https:\/\/freshcup.de\/Zumoval\/wp-content\/uploads\/2019\/07\/hp_big_fastjuice-400x446.png 400w, https:\/\/freshcup.de\/Zumoval\/wp-content\/uploads\/2019\/07\/hp_big_fastjuice-600x669.png 600w, https:\/\/freshcup.de\/Zumoval\/wp-content\/uploads\/2019\/07\/hp_big_fastjuice.png 718w\" sizes=\"(max-width: 800px) 100vw, 718px\" \/><\/span><\/div><\/div><div class=\"fusion-clearfix\"><\/div><\/div><\/div><div class=\"fusion-layout-column fusion_builder_column_inner fusion-builder-nested-column-1 fusion_builder_column_inner_1_3 1_3 fusion-one-third fusion-column-last\" style=\"--awb-padding-top:18px;--awb-padding-right:20px;--awb-bg-size:cover;--awb-margin-top:0px;--awb-margin-bottom:0px;width:33.333333333333%;width:calc(33.333333333333% - ( ( -8% ) * 0.33333333333333 ) );\"><div class=\"fusion-column-wrapper fusion-column-has-shadow fusion-flex-column-wrapper-legacy\"><div class=\"fusion-text fusion-text-1\"><h3>Zumoval<\/h3>\n<h1><strong>BIG FASTJUICE<br \/>\n<\/strong><\/h1>\n<\/div><div class=\"fusion-text fusion-text-2\"><p data-fontsize=\"28\" data-lineheight=\"36\">Der fortschrittlichste und kraftvollste Profi-Entsafter auf dem Markt kann kontinuierlich Obst- und Gem\u00fcses\u00e4fte in gro\u00dfen Mengen zubereiten. Dank des extragro\u00dfen Einf\u00fcllschachts, k\u00f6nnen die meisten Obst- und Gem\u00fcsesorten ohne Vorschneiden direkt in den Entsafter. Durch sein robustes Stahlgeh\u00e4use wiegt er 23 kg, l\u00e4sst wenig Vibrationen zu, und l\u00e4uft somit sehr leise.<\/p>\n<\/div><div class=\"fusion-content-boxes content-boxes columns row fusion-columns-1 fusion-columns-total-1 fusion-content-boxes-1 content-boxes-icon-with-title content-left\" style=\"--awb-margin-top:70px;--awb-margin-bottom:0px;--awb-hover-accent-color:#d6d6d6;--awb-circle-hover-accent-color:#d6d6d6;--awb-item-margin-bottom:40px;\" data-animationOffset=\"top-into-view\"><div style=\"--awb-backgroundcolor:rgba(255,255,255,0);--awb-iconcolor:#ff7800;--awb-circle-hover-accent-color:transparent;\" class=\"fusion-column content-box-column content-box-column content-box-column-1 col-lg-12 col-md-12 col-sm-12 fusion-content-box-hover content-box-column-last content-box-column-last-in-row\"><div class=\"col content-box-wrapper content-wrapper link-area-link-icon content-icon-wrapper-yes icon-wrapper-hover-animation-pulsate\" data-animationOffset=\"top-into-view\"><div class=\"heading heading-with-icon icon-left\"><div class=\"icon\"><span style=\"height:126px;width:126px;line-height:63px;border-color:rgba(53,186,242,0);border-width:13px;border-style:solid;box-sizing:content-box;border-radius:50%;\"><i style=\"border-color:rgba(255,255,255,0);border-width:0px;background-color:rgba(255,255,255,0);box-sizing:content-box;height:126px;width:126px;line-height:126px;border-radius:50%;position:relative;top:auto;left:auto;margin:0;border-radius:50%;font-size:63px;\" aria-hidden=\"true\" class=\"fontawesome-icon fa-cogs fas circle-yes\"><\/i><\/span><\/div><h2 class=\"content-box-heading fusion-responsive-typography-calculated\" style=\"--h2_typography-font-size:25px;--fontSize:25;line-height:1.2;\">Getriebe aus Edelstahl<\/h2><\/div><\/div><\/div><div class=\"fusion-clearfix\"><\/div><\/div><div class=\"fusion-clearfix\"><\/div><\/div><\/div><\/div><div class=\"fusion-sep-clear\"><\/div><div class=\"fusion-separator fusion-full-width-sep\" style=\"margin-left: auto;margin-right: auto;margin-bottom:20px;width:100%;\"><\/div><div class=\"fusion-sep-clear\"><\/div><div class=\"fusion-clearfix\"><\/div><\/div><\/div><\/div><\/div><div class=\"fusion-fullwidth fullwidth-box fusion-builder-row-3 nonhundred-percent-fullwidth non-hundred-percent-height-scrolling\" style=\"--awb-border-radius-top-left:0px;--awb-border-radius-top-right:0px;--awb-border-radius-bottom-right:0px;--awb-border-radius-bottom-left:0px;--awb-padding-right:0px;--awb-padding-left:0px;--awb-flex-wrap:wrap;\" ><div class=\"fusion-builder-row fusion-row\"><div class=\"fusion-layout-column fusion_builder_column fusion-builder-column-3 fusion_builder_column_1_1 1_1 fusion-one-full fusion-column-first fusion-column-last\" style=\"--awb-bg-size:cover;\"><div class=\"fusion-column-wrapper fusion-column-has-shadow fusion-flex-column-wrapper-legacy\"><div class=\"fusion-clearfix\"><\/div><\/div><\/div><div class=\"fusion-layout-column fusion_builder_column fusion-builder-column-4 fusion_builder_column_2_5 2_5 fusion-two-fifth fusion-column-first\" style=\"--awb-padding-top:50px;--awb-padding-right:20px;--awb-padding-left:20px;--awb-bg-blend:overlay;--awb-bg-size:cover;--awb-margin-top:0px;--awb-margin-bottom:0px;width:40%;width:calc(40% - ( ( 4% ) * 0.4 ) );margin-right: 4%;\"><div class=\"fusion-column-wrapper fusion-column-has-shadow fusion-flex-column-wrapper-legacy\"><div class=\"fusion-text fusion-text-3\"><h2>Gebaut f\u00fcr <span style=\"color: #ff7800;\">L\u00d6SUNGEN NACH MASS<\/span><\/h2>\n<\/div><div class=\"fusion-text fusion-text-4\"><p data-fontsize=\"28\" data-lineheight=\"36\">Zumoval <b>BIG FASTJUICE<\/b> ist ideal f\u00fcr vielf\u00e4ltige Gem\u00fcse- und Fruchts\u00e4fte. 800 Watt stark, extrahiert der Profi-Entsafter kontinuierlich selbst hartes Obst und Gem\u00fcse in wenigen Sekunden effizient und sehr leise.<\/p>\n<\/div><div class=\"fusion-clearfix\"><\/div><\/div><\/div><div class=\"fusion-layout-column fusion_builder_column fusion-builder-column-5 fusion_builder_column_1_2 1_2 fusion-one-half fusion-column-last fusion-animated\" style=\"--awb-padding-top:0px;--awb-padding-bottom:0px;--awb-padding-left:0px;--awb-bg-size:cover;--awb-margin-top:0px;--awb-margin-bottom:0px;width:50%;width:calc(50% - ( ( 4% ) * 0.5 ) );\" data-animationType=\"fadeInLeft\" data-animationDuration=\"1.0\" data-animationOffset=\"top-mid-of-view\"><div class=\"fusion-column-wrapper fusion-column-has-shadow fusion-flex-column-wrapper-legacy\"><div class=\"fusion-image-element fusion-image-align-left in-legacy-container\" style=\"text-align:left;--awb-caption-title-font-family:var(--h2_typography-font-family);--awb-caption-title-font-weight:var(--h2_typography-font-weight);--awb-caption-title-font-style:var(--h2_typography-font-style);--awb-caption-title-size:var(--h2_typography-font-size);--awb-caption-title-transform:var(--h2_typography-text-transform);--awb-caption-title-line-height:var(--h2_typography-line-height);--awb-caption-title-letter-spacing:var(--h2_typography-letter-spacing);\"><span class=\" fusion-imageframe imageframe-none imageframe-2 hover-type-none\" style=\"margin-right:25px;float:left;\"><img decoding=\"async\" width=\"718\" height=\"800\" title=\"hp_big_fastjuice\" src=\"https:\/\/freshcup.de\/Zumoval\/wp-content\/uploads\/2019\/07\/hp_big_fastjuice.png\" alt class=\"img-responsive wp-image-638\" srcset=\"https:\/\/freshcup.de\/Zumoval\/wp-content\/uploads\/2019\/07\/hp_big_fastjuice-200x223.png 200w, https:\/\/freshcup.de\/Zumoval\/wp-content\/uploads\/2019\/07\/hp_big_fastjuice-400x446.png 400w, https:\/\/freshcup.de\/Zumoval\/wp-content\/uploads\/2019\/07\/hp_big_fastjuice-600x669.png 600w, https:\/\/freshcup.de\/Zumoval\/wp-content\/uploads\/2019\/07\/hp_big_fastjuice.png 718w\" sizes=\"(max-width: 800px) 100vw, 600px\" \/><\/span><\/div><div class=\"fusion-sep-clear\"><\/div><div class=\"fusion-separator fusion-full-width-sep\" style=\"margin-left: auto;margin-right: auto;margin-top:30px;width:100%;\"><\/div><div class=\"fusion-sep-clear\"><\/div><div class=\"fusion-clearfix\"><\/div><\/div><\/div><div class=\"fusion-layout-column fusion_builder_column fusion-builder-column-6 fusion_builder_column_1_1 1_1 fusion-one-full fusion-column-first fusion-column-last\" style=\"--awb-bg-size:cover;\"><div class=\"fusion-column-wrapper fusion-column-has-shadow fusion-flex-column-wrapper-legacy\"><div class=\"fusion-clearfix\"><\/div><\/div><\/div><\/div><\/div><div class=\"fusion-fullwidth fullwidth-box fusion-builder-row-4 nonhundred-percent-fullwidth non-hundred-percent-height-scrolling\" style=\"--awb-border-radius-top-left:0px;--awb-border-radius-top-right:0px;--awb-border-radius-bottom-right:0px;--awb-border-radius-bottom-left:0px;--awb-flex-wrap:wrap;\" ><div class=\"fusion-builder-row fusion-row\"><div class=\"fusion-layout-column fusion_builder_column fusion-builder-column-7 fusion_builder_column_1_1 1_1 fusion-one-full fusion-column-first fusion-column-last\" style=\"--awb-bg-color:#fff9ef;--awb-bg-color-hover:#fff9ef;--awb-bg-size:cover;\"><div class=\"fusion-column-wrapper fusion-column-has-shadow fusion-flex-column-wrapper-legacy\">\n<div class=\"table-2\">\n<table width=\"100%\">\n<thead>\n<tr>\n<th align=\"left\"><span style=\"font-size: 30px;\"><strong>BIG FASTJUICE<br \/>\n<\/strong><\/span><\/th>\n<th align=\"left\"><\/th>\n<th align=\"left\"><\/th>\n<\/tr>\n<\/thead>\n<tbody>\n<tr>\n<td align=\"left\"><strong>Geschwindigkeit<\/strong><\/td>\n<td align=\"left\">3.000 Umdrehungen pro Minute<\/td>\n<td align=\"left\"><\/td>\n<\/tr>\n<\/tbody>\n<tbody>\n<tr>\n<td align=\"left\"><strong>Wirkungsgrad<\/strong><\/td>\n<td align=\"left\">bis zur 75 %<\/td>\n<td align=\"left\"><\/td>\n<\/tr>\n<\/tbody>\n<tbody>\n<tr>\n<td align=\"left\"><strong>Produktivit\u00e4t <\/strong><\/td>\n<td align=\"left\">150 kg Fr\u00fcchte\/Gem\u00fcse pro Stunde<\/td>\n<td align=\"left\"><\/td>\n<\/tr>\n<\/tbody>\n<tbody>\n<tr>\n<td align=\"left\"><strong>Einf\u00fcll\u00f6ffnung<\/strong><\/td>\n<td align=\"left\">77 mm&nbsp; \u00d8<\/td>\n<td align=\"left\"><\/td>\n<\/tr>\n<\/tbody>\n<tbody>\n<tr>\n<td align=\"left\"><strong>Gewicht<\/strong><\/td>\n<td align=\"left\">23 kg<\/td>\n<td align=\"left\"><\/td>\n<\/tr>\n<\/tbody>\n<tbody>\n<tr>\n<td align=\"left\"><strong>Leistung<\/strong><\/td>\n<td align=\"left\">800 Watt<\/td>\n<td align=\"left\"><\/td>\n<\/tr>\n<\/tbody>\n<tbody>\n<tr>\n<td align=\"left\"><strong>Ausma\u00dfe<\/strong><\/td>\n<td align=\"left\">50 cm x 26 cm<\/td>\n<td align=\"left\"><\/td>\n<\/tr>\n<\/tbody>\n<tbody>\n<tr>\n<td align=\"left\"><strong>Material<\/strong><\/td>\n<td align=\"left\">&#8211; alle Teile mit Saftkontakt aus Edelstahl<br \/>\n&#8211; Getriebe aus Edelstahl<br \/>\n&#8211; Geh\u00e4use aus Stahl<br \/>\n&#8211; Tresterbeh\u00e4lter aus Kunststoff<\/td>\n<td align=\"left\"><\/td>\n<\/tr>\n<\/tbody>\n<tbody>\n<tr>\n<td align=\"left\"><strong>Besonderheiten<\/strong><\/td>\n<td align=\"left\">&#8211; Zentralschneider<br \/>\n&#8211; Doppel-Schredderscheibe<br \/>\n&#8211; sicheres Schlie\u00dfsystem<br \/>\n&#8211; selbstreinigend, braucht bei Fruchtwechsel nicht gereinigt zu werden<br \/>\n&#8211; Geschirrsp\u00fcler geeignet<\/td>\n<td align=\"left\"><\/td>\n<\/tr>\n<\/tbody>\n<\/table>\n<\/div>\n<div class=\"fusion-clearfix\"><\/div><\/div><\/div><\/div><\/div><div class=\"fusion-fullwidth fullwidth-box fusion-builder-row-5 nonhundred-percent-fullwidth non-hundred-percent-height-scrolling\" style=\"--awb-border-radius-top-left:0px;--awb-border-radius-top-right:0px;--awb-border-radius-bottom-right:0px;--awb-border-radius-bottom-left:0px;--awb-flex-wrap:wrap;\" ><div class=\"fusion-builder-row fusion-row\"><div class=\"fusion-layout-column fusion_builder_column fusion-builder-column-8 fusion_builder_column_1_1 1_1 fusion-one-full fusion-column-first fusion-column-last\" style=\"--awb-bg-size:cover;\"><div class=\"fusion-column-wrapper fusion-column-has-shadow fusion-flex-column-wrapper-legacy\"><div class=\"fusion-sep-clear\"><\/div><div class=\"fusion-separator fusion-full-width-sep\" style=\"margin-left: auto;margin-right: auto;margin-top:50px;width:100%;\"><\/div><div class=\"fusion-sep-clear\"><\/div><div class=\"fusion-clearfix\"><\/div><\/div><\/div><\/div><\/div><div class=\"fusion-fullwidth fullwidth-box fusion-builder-row-6 nonhundred-percent-fullwidth non-hundred-percent-height-scrolling\" style=\"--awb-border-radius-top-left:0px;--awb-border-radius-top-right:0px;--awb-border-radius-bottom-right:0px;--awb-border-radius-bottom-left:0px;--awb-background-color:#ff7800;--awb-flex-wrap:wrap;\" ><div class=\"fusion-builder-row fusion-row\"><div class=\"fusion-layout-column fusion_builder_column fusion-builder-column-9 fusion_builder_column_1_2 1_2 fusion-one-half fusion-column-first\" style=\"--awb-bg-size:cover;width:50%;width:calc(50% - ( ( 4% ) * 0.5 ) );margin-right: 4%;\"><div class=\"fusion-column-wrapper fusion-column-has-shadow fusion-flex-column-wrapper-legacy\"><div class=\"fusion-sep-clear\"><\/div><div class=\"fusion-separator fusion-full-width-sep\" style=\"margin-left: auto;margin-right: auto;margin-top:20px;width:100%;\"><\/div><div class=\"fusion-sep-clear\"><\/div><div class=\"fusion-text fusion-text-5\"><h2 data-fontsize=\"40\" data-lineheight=\"48\"><span style=\"color: #ffffff;\">Sie interessieren sich f\u00fcr Zumoval BIG FASTJUICE?<\/span><\/h2>\n<h3 data-fontsize=\"32\" data-lineheight=\"40\"><span style=\"color: #ffffff;\">Wie k\u00f6nnen wir Ihnen weiterhelfen?<\/span><\/h3>\n<\/div><div class=\"fusion-sep-clear\"><\/div><div class=\"fusion-separator fusion-clearfix\" style=\"float:left;width:100%;max-width:520px;\"><div class=\"fusion-separator-border sep-single sep-solid\" style=\"--awb-height:20px;--awb-amount:20px;border-color:#dbe2ea;border-top-width:1px;\"><\/div><\/div><div class=\"fusion-sep-clear\"><\/div><div class=\"fusion-clearfix\"><\/div><\/div><\/div><div class=\"fusion-layout-column fusion_builder_column fusion-builder-column-10 fusion_builder_column_1_2 1_2 fusion-one-half fusion-column-last\" style=\"--awb-bg-size:cover;--awb-margin-top:80px;width:50%;width:calc(50% - ( ( 4% ) * 0.5 ) );\"><div class=\"fusion-column-wrapper fusion-column-has-shadow fusion-flex-column-wrapper-legacy\"><div class=\"fusion-text fusion-text-6\" style=\"--awb-text-color:#ffffff;--awb-text-font-family:&quot;open-sans-v34-latin-regular&quot;;--awb-text-font-style:normal;--awb-text-font-weight:400;\"><h3 style=\"text-align: center;\"><strong style=\"color: #ffffff; font-family: open-sans-v34-latin-600;\" data-fusion-font=\"true\">zumoval[at]freshcup.de<\/strong><\/h3>\n<\/div><div class=\"fusion-clearfix\"><\/div><\/div><\/div><\/div><\/div><\/p>\n","protected":false},"excerpt":{"rendered":"","protected":false},"author":1,"featured_media":0,"parent":0,"menu_order":0,"comment_status":"closed","ping_status":"closed","template":"100-width.php","meta":{"footnotes":""},"class_list":["post-1628","page","type-page","status-publish","hentry"],"_links":{"self":[{"href":"https:\/\/freshcup.de\/Zumoval\/wp-json\/wp\/v2\/pages\/1628","targetHints":{"allow":["GET"]}}],"collection":[{"href":"https:\/\/freshcup.de\/Zumoval\/wp-json\/wp\/v2\/pages"}],"about":[{"href":"https:\/\/freshcup.de\/Zumoval\/wp-json\/wp\/v2\/types\/page"}],"author":[{"embeddable":true,"href":"https:\/\/freshcup.de\/Zumoval\/wp-json\/wp\/v2\/users\/1"}],"replies":[{"embeddable":true,"href":"https:\/\/freshcup.de\/Zumoval\/wp-json\/wp\/v2\/comments?post=1628"}],"version-history":[{"count":18,"href":"https:\/\/freshcup.de\/Zumoval\/wp-json\/wp\/v2\/pages\/1628\/revisions"}],"predecessor-version":[{"id":2375,"href":"https:\/\/freshcup.de\/Zumoval\/wp-json\/wp\/v2\/pages\/1628\/revisions\/2375"}],"wp:attachment":[{"href":"https:\/\/freshcup.de\/Zumoval\/wp-json\/wp\/v2\/media?parent=1628"}],"curies":[{"name":"wp","href":"https:\/\/api.w.org\/{rel}","templated":true}]}}