{"id":1431,"date":"2019-09-29T17:55:27","date_gmt":"2019-09-29T17:55:27","guid":{"rendered":"https:\/\/freshcup.de\/Zumoval\/?page_id=1431"},"modified":"2023-07-21T11:11:04","modified_gmt":"2023-07-21T11:11:04","slug":"fb-1431","status":"publish","type":"page","link":"https:\/\/freshcup.de\/Zumoval\/fb-1431\/","title":{"rendered":"RPET-Flaschen"},"content":{"rendered":"<p><div class=\"fusion-fullwidth fullwidth-box fusion-builder-row-1 hundred-percent-fullwidth non-hundred-percent-height-scrolling\" style=\"--awb-border-radius-top-left:0px;--awb-border-radius-top-right:0px;--awb-border-radius-bottom-right:0px;--awb-border-radius-bottom-left:0px;--awb-padding-top:0px;--awb-padding-right:0px;--awb-padding-bottom:0px;--awb-padding-left:0px;--awb-margin-top:0px;--awb-margin-bottom:0px;--awb-background-color:#ff7800;--awb-flex-wrap:wrap;\" ><div class=\"fusion-builder-row fusion-row\"><div class=\"fusion-layout-column fusion_builder_column fusion-builder-column-0 fusion_builder_column_1_1 1_1 fusion-one-full fusion-column-first fusion-column-last\" style=\"--awb-bg-size:cover;\"><div class=\"fusion-column-wrapper fusion-column-has-shadow fusion-flex-column-wrapper-legacy\"><div class=\"fusion-clearfix\"><\/div><\/div><\/div><\/div><\/div><div class=\"fusion-fullwidth fullwidth-box fusion-builder-row-2 nonhundred-percent-fullwidth non-hundred-percent-height-scrolling\" style=\"--awb-border-radius-top-left:0px;--awb-border-radius-top-right:0px;--awb-border-radius-bottom-right:0px;--awb-border-radius-bottom-left:0px;--awb-padding-top:100px;--awb-padding-bottom:50px;--awb-flex-wrap:wrap;\" ><div class=\"fusion-builder-row fusion-row\"><div class=\"fusion-layout-column fusion_builder_column fusion-builder-column-1 fusion_builder_column_1_1 1_1 fusion-one-full fusion-column-first fusion-column-last\" style=\"--awb-padding-right:20px;--awb-bg-size:cover;\"><div class=\"fusion-column-wrapper fusion-column-has-shadow fusion-flex-column-wrapper-legacy\"><div class=\"fusion-text fusion-text-1\"><h3 style=\"font-weight: bold; text-align: center;\" data-fusion-font=\"true\"><span style=\"color: #ff7800;\">FRESHCUP<span style=\"color: #009800;\">SHOP CONCEPT<\/span><\/p>\n<h1 style=\"font-weight: bold; text-align: center;\"><span style=\"color: #009800;\">Unser innovatives Flaschensortiment als Umsatzbringer f\u00fcr den Handel<\/span><\/h1>\n<p><\/span><\/h3>\n<\/div><div class=\"fusion-clearfix\"><\/div><\/div><\/div><\/div><\/div><div class=\"fusion-fullwidth fullwidth-box fusion-builder-row-3 nonhundred-percent-fullwidth non-hundred-percent-height-scrolling fusion-equal-height-columns\" style=\"--awb-background-position:left top;--awb-border-sizes-top:0px;--awb-border-sizes-bottom:0px;--awb-border-sizes-left:0px;--awb-border-sizes-right:0px;--awb-border-radius-top-left:0px;--awb-border-radius-top-right:0px;--awb-border-radius-bottom-right:0px;--awb-border-radius-bottom-left:0px;--awb-padding-top:0px;--awb-padding-right:0px;--awb-padding-bottom:0px;--awb-padding-left:0px;--awb-flex-wrap:wrap;\" ><div class=\"fusion-builder-row fusion-row\"><div class=\"fusion-layout-column fusion_builder_column fusion-builder-column-2 fusion_builder_column_1_2 1_2 fusion-one-half fusion-column-first\" style=\"--awb-bg-size:cover;width:50%;width:calc(50% - ( ( 4% ) * 0.5 ) );margin-right: 4%;\"><div class=\"fusion-column-wrapper fusion-column-has-shadow fusion-flex-column-wrapper-legacy\"><div class=\"fusion-image-element in-legacy-container\" style=\"--awb-caption-title-font-family:var(--h2_typography-font-family);--awb-caption-title-font-weight:var(--h2_typography-font-weight);--awb-caption-title-font-style:var(--h2_typography-font-style);--awb-caption-title-size:var(--h2_typography-font-size);--awb-caption-title-transform:var(--h2_typography-text-transform);--awb-caption-title-line-height:var(--h2_typography-line-height);--awb-caption-title-letter-spacing:var(--h2_typography-letter-spacing);\"><span class=\" fusion-imageframe imageframe-none imageframe-1 hover-type-none\"><img decoding=\"async\" width=\"691\" height=\"691\" title=\"flaschensortiment_3\" src=\"https:\/\/freshcup.de\/Zumoval\/wp-content\/uploads\/2019\/12\/flaschensortiment_3.jpg\" alt class=\"img-responsive wp-image-1765\" srcset=\"https:\/\/freshcup.de\/Zumoval\/wp-content\/uploads\/2019\/12\/flaschensortiment_3-200x200.jpg 200w, https:\/\/freshcup.de\/Zumoval\/wp-content\/uploads\/2019\/12\/flaschensortiment_3-400x400.jpg 400w, https:\/\/freshcup.de\/Zumoval\/wp-content\/uploads\/2019\/12\/flaschensortiment_3-600x600.jpg 600w, https:\/\/freshcup.de\/Zumoval\/wp-content\/uploads\/2019\/12\/flaschensortiment_3.jpg 691w\" sizes=\"(max-width: 800px) 100vw, 600px\" \/><\/span><\/div><div class=\"fusion-clearfix\"><\/div><\/div><\/div><div class=\"fusion-layout-column fusion_builder_column fusion-builder-column-3 fusion_builder_column_1_2 1_2 fusion-one-half fusion-column-last\" style=\"--awb-padding-top:20px;--awb-padding-right:20px;--awb-padding-bottom:20px;--awb-padding-left:20px;--awb-bg-size:cover;width:50%;width:calc(50% - ( ( 4% ) * 0.5 ) );\"><div class=\"fusion-column-wrapper fusion-column-has-shadow fusion-flex-column-wrapper-legacy\"><div class=\"fusion-text fusion-text-2\"><p>Polyethylenterephthalat kurz PET ist ein Polyester, das durch Erhitzen leicht verformbar und vollst\u00e4ndig recycelbar ist. PET ist \u00e4u\u00dferst stabil und l\u00e4sst keine Gase und Ger\u00fcche durch.<\/p>\n<p>Die f\u00fcr Recycling gesammelten PET-Flaschen werden zu Ballen gepresst und dann zu \u201eFlakes\u201c getrennt. Dabei werden Kunststoffe, h\u00e4ufig Verschl\u00fcsse, von PET-Material getrennt. Anschlie\u00dfend werden die Flocken farblich sortiert und zu Granulaten weiterverarbeitet. Dieses recycelte Granulat dient als Rohmaterial f\u00fcr die Produktion von neuen rePET-Verpackungen.<\/p>\n<p>Wir von FRESHCUP setzen \u2013 gemeinsam mit unserem PET-Flaschenproduzenten \u2013 auf umweltfreundliche Innovationen und Nachhaltigkeit. Unsere PET-Flaschen sind zu 100% recyclebar und der Anteil von rePET-Material in der Produktion neuer Flaschen wird st\u00e4ndig gesteigert.<\/p>\n<\/div><div class=\"fusion-clearfix\"><\/div><\/div><\/div><\/div><\/div><div class=\"fusion-fullwidth fullwidth-box fusion-builder-row-4 nonhundred-percent-fullwidth non-hundred-percent-height-scrolling\" style=\"--awb-border-radius-top-left:0px;--awb-border-radius-top-right:0px;--awb-border-radius-bottom-right:0px;--awb-border-radius-bottom-left:0px;--awb-flex-wrap:wrap;\" ><div class=\"fusion-builder-row fusion-row\"><div class=\"fusion-layout-column fusion_builder_column fusion-builder-column-4 fusion_builder_column_1_1 1_1 fusion-one-full fusion-column-first fusion-column-last\" style=\"--awb-bg-size:cover;\"><div class=\"fusion-column-wrapper fusion-column-has-shadow fusion-flex-column-wrapper-legacy\"><div class=\"fusion-sep-clear\"><\/div><div class=\"fusion-separator fusion-full-width-sep\" style=\"margin-left: auto;margin-right: auto;margin-bottom:100px;width:100%;\"><\/div><div class=\"fusion-sep-clear\"><\/div><div class=\"fusion-clearfix\"><\/div><\/div><\/div><\/div><\/div><\/p>\n","protected":false},"excerpt":{"rendered":"","protected":false},"author":1,"featured_media":0,"parent":0,"menu_order":0,"comment_status":"closed","ping_status":"closed","template":"100-width.php","meta":{"footnotes":""},"class_list":["post-1431","page","type-page","status-publish","hentry"],"_links":{"self":[{"href":"https:\/\/freshcup.de\/Zumoval\/wp-json\/wp\/v2\/pages\/1431","targetHints":{"allow":["GET"]}}],"collection":[{"href":"https:\/\/freshcup.de\/Zumoval\/wp-json\/wp\/v2\/pages"}],"about":[{"href":"https:\/\/freshcup.de\/Zumoval\/wp-json\/wp\/v2\/types\/page"}],"author":[{"embeddable":true,"href":"https:\/\/freshcup.de\/Zumoval\/wp-json\/wp\/v2\/users\/1"}],"replies":[{"embeddable":true,"href":"https:\/\/freshcup.de\/Zumoval\/wp-json\/wp\/v2\/comments?post=1431"}],"version-history":[{"count":35,"href":"https:\/\/freshcup.de\/Zumoval\/wp-json\/wp\/v2\/pages\/1431\/revisions"}],"predecessor-version":[{"id":2345,"href":"https:\/\/freshcup.de\/Zumoval\/wp-json\/wp\/v2\/pages\/1431\/revisions\/2345"}],"wp:attachment":[{"href":"https:\/\/freshcup.de\/Zumoval\/wp-json\/wp\/v2\/media?parent=1431"}],"curies":[{"name":"wp","href":"https:\/\/api.w.org\/{rel}","templated":true}]}}